{"id":304,"date":"2022-03-31T22:54:21","date_gmt":"2022-03-31T19:54:21","guid":{"rendered":"https:\/\/ukrainecharity.org.ua\/?page_id=304"},"modified":"2024-04-21T11:14:53","modified_gmt":"2024-04-21T08:14:53","slug":"misiya","status":"publish","type":"page","link":"https:\/\/ukrainecharity.org.ua\/en\/misiya","title":{"rendered":"Mission"},"content":{"rendered":"<p>We are not going to tell you about some global aims and high ideals. No, friends. Our mission is quite simple and down-to-earth because it\u2019s not the time and place for eloquence. Today, there are three main goals for our Fund, and they are the Programme areas of work.<\/p>\n<div id='gallery-2' class='gallery galleryid-304 gallery-columns-3 gallery-size-thumbnail'><figure class='gallery-item'>\n\t\t\t<div class='gallery-icon portrait'>\n\t\t\t\t<a href='https:\/\/ukrainecharity.org.ua\/en\/misiya\/gramota-1'><img width=\"300\" height=\"300\" src=\"https:\/\/ukrainecharity.org.ua\/wp-content\/uploads\/2024\/04\/gramota-1-300x300.jpg\" class=\"attachment-thumbnail size-thumbnail\" alt=\"\" loading=\"lazy\" \/><\/a>\n\t\t\t<\/div><\/figure><figure class='gallery-item'>\n\t\t\t<div class='gallery-icon portrait'>\n\t\t\t\t<a href='https:\/\/ukrainecharity.org.ua\/en\/misiya\/gramota-2'><img width=\"300\" height=\"300\" src=\"https:\/\/ukrainecharity.org.ua\/wp-content\/uploads\/2024\/04\/gramota-2-300x300.jpg\" class=\"attachment-thumbnail size-thumbnail\" alt=\"\" loading=\"lazy\" \/><\/a>\n\t\t\t<\/div><\/figure><figure class='gallery-item'>\n\t\t\t<div class='gallery-icon portrait'>\n\t\t\t\t<a href='https:\/\/ukrainecharity.org.ua\/en\/misiya\/gramota-3'><img width=\"300\" height=\"300\" src=\"https:\/\/ukrainecharity.org.ua\/wp-content\/uploads\/2024\/04\/gramota-3-300x300.jpg\" class=\"attachment-thumbnail size-thumbnail\" alt=\"\" loading=\"lazy\" \/><\/a>\n\t\t\t<\/div><\/figure>\n\t\t<\/div>\n\n<p><strong>Firstly<\/strong>, provide all the necessities to our defenders that protect Ukraine and the whole world from the wild Moskovian Orda.<\/p>\n<p><strong>Secondly<\/strong>, humanitarian aid to civil Ukrainian citizens that were affected by the war.<\/p>\n<p><strong>Thirdly<\/strong>, a post-war restoration of the infrastructure of Ukrainian cities and villages destroyed by the russian soldiers.<\/p>\n<p>So we guarantee and will provide reports that all the financial help you send will be directed to the following:<\/p>\n<p>&#8211; Procurement of equipment for Ukrainian defenders<br \/>\n&#8211; Procurement of cars and other equipment for the need of Armed Forces and Territorial Defense<br \/>\n&#8211; Procurement of technical equipment for soldiers<br \/>\n&#8211; Humanitarian aid for civil citizens of Ukraine that were affected by the war with russian federation<br \/>\n&#8211; Restoration of the infrastructure of Ukrainian cities, villages, fields, roads<br \/>\n&#8211; De-mining of Ukrainian territory (those residential houses, hospitals, playgrounds, streets, fields, and roads that were not destroyed by russian army are mined by them against all the international treaties and conventions)<br \/>\n&#8211; Other humanitarian needs.<\/p>\n<p>We are already doing all this with our own money, you can see it in our photo, video, and document reports. However, our resources are minuscule compared to what we can collect together.<\/p>\n<p>You can also help us using other ways like a German Municipality from Dresden did. We will gladly accept this help and give it to those who need it most. We and our country are deeply thankful to you.<\/p>\n<p><a href=\"https:\/\/ukrainecharity.org.ua\/wp-content\/uploads\/2022\/03\/drezden.jpg\"><img loading=\"lazy\" class=\"alignnone size-medium wp-image-305\" src=\"https:\/\/ukrainecharity.org.ua\/wp-content\/uploads\/2022\/03\/drezden-421x600.jpg\" alt=\"\" width=\"421\" height=\"600\" srcset=\"https:\/\/ukrainecharity.org.ua\/wp-content\/uploads\/2022\/03\/drezden-421x600.jpg 421w, https:\/\/ukrainecharity.org.ua\/wp-content\/uploads\/2022\/03\/drezden-718x1024.jpg 718w, https:\/\/ukrainecharity.org.ua\/wp-content\/uploads\/2022\/03\/drezden-768x1095.jpg 768w, https:\/\/ukrainecharity.org.ua\/wp-content\/uploads\/2022\/03\/drezden-1077x1536.jpg 1077w, https:\/\/ukrainecharity.org.ua\/wp-content\/uploads\/2022\/03\/drezden.jpg 1122w\" sizes=\"(max-width: 421px) 100vw, 421px\" \/><\/a><\/p>\n<p>&nbsp;<\/p>\n<p><span data-sheets-value=\"{&quot;1&quot;:2,&quot;2&quot;:&quot;Unsere Mission\\nWir m\u00f6chten Ihnen an dieser Stelle nicht von globalen Werten und hohen Idealen erz\u00e4hlen. Nein, liebe Freunde. Unsere Mission ist sehr einfach und bodenst\u00e4ndig, denn momentan haben wir keine Zeit f\u00fcr sch\u00f6ne Worte. Heute steht unsere Stiftung vor drei Hauptaufgaben, die auch zentrale Bestandteile unserer T\u00e4tigkeit sind:\\nErstens \u2013 unsere K\u00e4mpfer, die die Ukraine und die ganze Welt vor der wilden Moskauer Horde besch\u00fctzen, mit allem Notwendigen zu versorgen.\\nZweitens \u2013 der ukrainischen Zivilbev\u00f6lkerung, die w\u00e4hrend des Krieges massiv gelitten hat, humanit\u00e4re Hilfe zu leisten. \\nDrittens \u2013 Wiederaufbau der Infrastruktur in ukrainischen St\u00e4dten und D\u00f6rfern, die durch die russische Horde zerst\u00f6rt wurden, nach dem Kriegsende.\\nWir garantieren also und sind bereit, dies durch Berichte nachzuweisen, dass die von Ihnen \u00fcberwiesenen Mittel f\u00fcr folgende Einsatzbereiche genutzt werden:\\n-\\tKauf von Ausr\u00fcstung f\u00fcr ukrainische Soldaten,\\n-\\tKauf von Autos und anderer Ausr\u00fcstung f\u00fcr die Bedarfe des Milit\u00e4rs und der Territorialverteidigung,\\n-\\tAnschaffung von technischer Ausr\u00fcstung f\u00fcr das Milit\u00e4r,\\n-\\tHumanit\u00e4re Hilfe f\u00fcr Zivilisten der Ukraine, die unter dem Krieg mit Russland gelitten haben,\\n-\\tWiederaufbau der Infrastruktur ukrainischer St\u00e4dte, Siedlungen, Felder und Stra\u00dfen,\\n-\\tMinenr\u00e4umung des ukrainischen Bodens (H\u00e4user, Krankenh\u00e4user, Spielpl\u00e4tze, Stra\u00dfen, Felder und Wege, die die russische Armee nicht zerst\u00f6rt hat, vermint sie und verletzt damit internationale Vertr\u00e4ge und Konventionen),\\n-\\tAndere humanit\u00e4re Bedarfe.\\nWir tun dies bereits auf eigene Kosten. Sie k\u00f6nnen sich dies in unseren Foto- und Videoberichten anschauen. Aber unsere Ressourcen sind begrenzt und winzig im Vergleich zu dem, was wir gemeinsam erreichen k\u00f6nnen.\\nSie k\u00f6nnen auf andere Weise helfen, wie es z.B. eine deutsche Gemeinde aus der N\u00e4he von Dresden getan hat. Wir w\u00fcrden uns dar\u00fcber freuen und alles an diejenigen weiterreichen, die es heute am dringendsten ben\u00f6tigen. Ihnen danken wir und unser Staat.&quot;}\" data-sheets-userformat=\"{&quot;2&quot;:513,&quot;3&quot;:{&quot;1&quot;:0},&quot;12&quot;:0}\"><\/p>","protected":false},"excerpt":{"rendered":"<p>We are not going to tell you about some global aims and high ideals. No, friends. Our mission is quite simple and down-to-earth because it\u2019s not the time and place for eloquence. Today, there are three main goals for our Fund, and they are the Programme areas of work. Firstly, provide all the necessities to [&hellip;]<\/p>\n","protected":false},"author":1,"featured_media":0,"parent":0,"menu_order":0,"comment_status":"closed","ping_status":"closed","template":"","meta":[],"acf":[],"yoast_head":"<!-- This site is optimized with the Yoast SEO plugin v18.5.1 - https:\/\/yoast.com\/wordpress\/plugins\/seo\/ -->\n<title>Mission - Use Bude Ukraine<\/title>\n<meta name=\"robots\" content=\"index, follow, max-snippet:-1, max-image-preview:large, max-video-preview:-1\" \/>\n<link rel=\"canonical\" href=\"https:\/\/ukrainecharity.org.ua\/misiya\" \/>\n<meta property=\"og:locale\" content=\"en_US\" \/>\n<meta property=\"og:type\" content=\"article\" \/>\n<meta property=\"og:title\" content=\"[:ua]\u041c\u0456\u0441\u0456\u044f[:en]Mission[:de]Unsere Mission[:] - Use Bude Ukraine\" \/>\n<meta property=\"og:description\" content=\"We are not going to tell you about some global aims and high ideals. No, friends. Our mission is quite simple and down-to-earth because it\u2019s not the time and place for eloquence. Today, there are three main goals for our Fund, and they are the Programme areas of work. Firstly, provide all the necessities to [&hellip;]\" \/>\n<meta property=\"og:url\" content=\"https:\/\/ukrainecharity.org.ua\/misiya\" \/>\n<meta property=\"og:site_name\" content=\"Use Bude Ukraine\" \/>\n<meta property=\"article:modified_time\" content=\"2024-04-21T08:14:53+00:00\" \/>\n<meta property=\"og:image\" content=\"https:\/\/ukrainecharity.org.ua\/wp-content\/uploads\/2024\/04\/gramota-1-300x300.jpg\" \/>\n<meta name=\"twitter:card\" content=\"summary_large_image\" \/>\n<meta name=\"twitter:label1\" content=\"Est. reading time\" \/>\n\t<meta name=\"twitter:data1\" content=\"5 minutes\" \/>\n<script type=\"application\/ld+json\" class=\"yoast-schema-graph\">{\"@context\":\"https:\/\/schema.org\",\"@graph\":[{\"@type\":\"WebSite\",\"@id\":\"https:\/\/ukrainecharity.org.ua\/#website\",\"url\":\"https:\/\/ukrainecharity.org.ua\/\",\"name\":\"Use Bude Ukraine\",\"description\":\"Charitable Foundation\",\"potentialAction\":[{\"@type\":\"SearchAction\",\"target\":{\"@type\":\"EntryPoint\",\"urlTemplate\":\"https:\/\/ukrainecharity.org.ua\/?s={search_term_string}\"},\"query-input\":\"required name=search_term_string\"}],\"inLanguage\":\"en-US\"},{\"@type\":\"ImageObject\",\"@id\":\"https:\/\/ukrainecharity.org.ua\/misiya#primaryimage\",\"inLanguage\":\"en-US\",\"url\":\"https:\/\/ukrainecharity.org.ua\/wp-content\/uploads\/2022\/03\/drezden.jpg\",\"contentUrl\":\"https:\/\/ukrainecharity.org.ua\/wp-content\/uploads\/2022\/03\/drezden.jpg\",\"width\":1122,\"height\":1600},{\"@type\":\"WebPage\",\"@id\":\"https:\/\/ukrainecharity.org.ua\/misiya#webpage\",\"url\":\"https:\/\/ukrainecharity.org.ua\/misiya\",\"name\":\"[:ua]\u041c\u0456\u0441\u0456\u044f[:en]Mission[:de]Unsere Mission[:] - Use Bude Ukraine\",\"isPartOf\":{\"@id\":\"https:\/\/ukrainecharity.org.ua\/#website\"},\"primaryImageOfPage\":{\"@id\":\"https:\/\/ukrainecharity.org.ua\/misiya#primaryimage\"},\"datePublished\":\"2022-03-31T19:54:21+00:00\",\"dateModified\":\"2024-04-21T08:14:53+00:00\",\"breadcrumb\":{\"@id\":\"https:\/\/ukrainecharity.org.ua\/misiya#breadcrumb\"},\"inLanguage\":\"en-US\",\"potentialAction\":[{\"@type\":\"ReadAction\",\"target\":[\"https:\/\/ukrainecharity.org.ua\/misiya\"]}]},{\"@type\":\"BreadcrumbList\",\"@id\":\"https:\/\/ukrainecharity.org.ua\/misiya#breadcrumb\",\"itemListElement\":[{\"@type\":\"ListItem\",\"position\":1,\"name\":\"\u0413\u043e\u043b\u043e\u0432\u043d\u0430 \u0421\u0442\u043e\u0440\u0456\u043d\u043a\u0430\",\"item\":\"https:\/\/ukrainecharity.org.ua\/\"},{\"@type\":\"ListItem\",\"position\":2,\"name\":\"\u041c\u0456\u0441\u0456\u044f\"}]}]}<\/script>\n<!-- \/ Yoast SEO plugin. -->","yoast_head_json":{"title":"[:ua]\u041c\u0456\u0441\u0456\u044f[:en]Mission[:de]Unsere Mission[:] - Use Bude Ukraine","robots":{"index":"index","follow":"follow","max-snippet":"max-snippet:-1","max-image-preview":"max-image-preview:large","max-video-preview":"max-video-preview:-1"},"canonical":"https:\/\/ukrainecharity.org.ua\/misiya","og_locale":"en_US","og_type":"article","og_title":"[:ua]\u041c\u0456\u0441\u0456\u044f[:en]Mission[:de]Unsere Mission[:] - Use Bude Ukraine","og_description":"We are not going to tell you about some global aims and high ideals. No, friends. Our mission is quite simple and down-to-earth because it\u2019s not the time and place for eloquence. Today, there are three main goals for our Fund, and they are the Programme areas of work. Firstly, provide all the necessities to [&hellip;]","og_url":"https:\/\/ukrainecharity.org.ua\/misiya","og_site_name":"Use Bude Ukraine","article_modified_time":"2024-04-21T08:14:53+00:00","og_image":[{"url":"https:\/\/ukrainecharity.org.ua\/wp-content\/uploads\/2024\/04\/gramota-1-300x300.jpg"}],"twitter_card":"summary_large_image","twitter_misc":{"Est. reading time":"5 minutes"},"schema":{"@context":"https:\/\/schema.org","@graph":[{"@type":"WebSite","@id":"https:\/\/ukrainecharity.org.ua\/#website","url":"https:\/\/ukrainecharity.org.ua\/","name":"Use Bude Ukraine","description":"Charitable Foundation","potentialAction":[{"@type":"SearchAction","target":{"@type":"EntryPoint","urlTemplate":"https:\/\/ukrainecharity.org.ua\/?s={search_term_string}"},"query-input":"required name=search_term_string"}],"inLanguage":"en-US"},{"@type":"ImageObject","@id":"https:\/\/ukrainecharity.org.ua\/misiya#primaryimage","inLanguage":"en-US","url":"https:\/\/ukrainecharity.org.ua\/wp-content\/uploads\/2022\/03\/drezden.jpg","contentUrl":"https:\/\/ukrainecharity.org.ua\/wp-content\/uploads\/2022\/03\/drezden.jpg","width":1122,"height":1600},{"@type":"WebPage","@id":"https:\/\/ukrainecharity.org.ua\/misiya#webpage","url":"https:\/\/ukrainecharity.org.ua\/misiya","name":"[:ua]\u041c\u0456\u0441\u0456\u044f[:en]Mission[:de]Unsere Mission[:] - Use Bude Ukraine","isPartOf":{"@id":"https:\/\/ukrainecharity.org.ua\/#website"},"primaryImageOfPage":{"@id":"https:\/\/ukrainecharity.org.ua\/misiya#primaryimage"},"datePublished":"2022-03-31T19:54:21+00:00","dateModified":"2024-04-21T08:14:53+00:00","breadcrumb":{"@id":"https:\/\/ukrainecharity.org.ua\/misiya#breadcrumb"},"inLanguage":"en-US","potentialAction":[{"@type":"ReadAction","target":["https:\/\/ukrainecharity.org.ua\/misiya"]}]},{"@type":"BreadcrumbList","@id":"https:\/\/ukrainecharity.org.ua\/misiya#breadcrumb","itemListElement":[{"@type":"ListItem","position":1,"name":"\u0413\u043e\u043b\u043e\u0432\u043d\u0430 \u0421\u0442\u043e\u0440\u0456\u043d\u043a\u0430","item":"https:\/\/ukrainecharity.org.ua\/"},{"@type":"ListItem","position":2,"name":"\u041c\u0456\u0441\u0456\u044f"}]}]}},"_links":{"self":[{"href":"https:\/\/ukrainecharity.org.ua\/en\/wp-json\/wp\/v2\/pages\/304"}],"collection":[{"href":"https:\/\/ukrainecharity.org.ua\/en\/wp-json\/wp\/v2\/pages"}],"about":[{"href":"https:\/\/ukrainecharity.org.ua\/en\/wp-json\/wp\/v2\/types\/page"}],"author":[{"embeddable":true,"href":"https:\/\/ukrainecharity.org.ua\/en\/wp-json\/wp\/v2\/users\/1"}],"replies":[{"embeddable":true,"href":"https:\/\/ukrainecharity.org.ua\/en\/wp-json\/wp\/v2\/comments?post=304"}],"version-history":[{"count":14,"href":"https:\/\/ukrainecharity.org.ua\/en\/wp-json\/wp\/v2\/pages\/304\/revisions"}],"predecessor-version":[{"id":593,"href":"https:\/\/ukrainecharity.org.ua\/en\/wp-json\/wp\/v2\/pages\/304\/revisions\/593"}],"wp:attachment":[{"href":"https:\/\/ukrainecharity.org.ua\/en\/wp-json\/wp\/v2\/media?parent=304"}],"curies":[{"name":"wp","href":"https:\/\/api.w.org\/{rel}","templated":true}]}}