{"id":36,"date":"2021-05-20T19:31:07","date_gmt":"2021-05-20T19:31:07","guid":{"rendered":"https:\/\/gain.com.ua\/?page_id=36"},"modified":"2022-05-01T18:26:18","modified_gmt":"2022-05-01T15:26:18","slug":"about-us","status":"publish","type":"page","link":"https:\/\/ukrainecharity.org.ua\/de\/about-us","title":{"rendered":"\u00dcber uns"},"content":{"rendered":"<p><\/p>\n<p>Guten Tag! Wir sind aus der Ukraine. Sie haben sicherlich geh\u00f6rt, dass wir hier Krieg haben. Vielleicht haben Sie sogar unsere Fl\u00fcchtlinge auf den Stra\u00dfen Ihrer Stadt gesehen.<\/p>\n<p>&nbsp;<\/p>\n<p><img loading=\"lazy\" class=\"size-medium wp-image-296 aligncenter\" src=\"https:\/\/ukrainecharity.org.ua\/wp-content\/uploads\/2022\/03\/mariupol-kids-600x214.jpg\" alt=\"\" width=\"600\" height=\"214\" srcset=\"https:\/\/ukrainecharity.org.ua\/wp-content\/uploads\/2022\/03\/mariupol-kids-600x214.jpg 600w, https:\/\/ukrainecharity.org.ua\/wp-content\/uploads\/2022\/03\/mariupol-kids-768x273.jpg 768w, https:\/\/ukrainecharity.org.ua\/wp-content\/uploads\/2022\/03\/mariupol-kids.jpg 840w\" sizes=\"(max-width: 600px) 100vw, 600px\" \/><\/p>\n<p>&nbsp;<\/p>\n<p>Vielleicht sogar in den Nachrichten \u00fcber die zerschmetterte Stadt Irpin, den Beschuss von Charkiw oder die Bombardierung von Mariupol verfolgt. Also die Stadt, in der auf einem Theater die Inschrift KINDER stand und die Russen eine Bombe darauf abwarfen. Dieser Krieg mit Stiefeln russischer Soldaten auf friedlichen Stra\u00dfen und russischen Raketen in friedlichen St\u00e4dten hat Sie noch nicht erreicht. Noch nicht!<\/p>\n<p>Aber dieser Krieg erreichte Sie durch unsere Fl\u00fcchtlinge. Durch friedliche ukrainische Frauen, Kinder und \u00e4ltere Menschen, die gezwungen waren, ihre H\u00e4user zu verlassen und aus der Ukraine zu fliehen.<\/p>\n<p>Sie nehmen unsere Fl\u00fcchtlinge auf, geben ihnen Schutz und Hilfe und daf\u00fcr sind wir Ihnen sehr dankbar. Sie helfen uns an der politischen Front und daf\u00fcr sind wir Ihnen sehr dankbar. Ihre tapferen Krieger schlie\u00dfen sich freiwillig unseren Verteidigern an und daf\u00fcr sind wir Ihnen sehr dankbar. Sie schicken uns humanit\u00e4re und milit\u00e4rische<\/p>\n<blockquote><p>Hilfe und daf\u00fcr sind wir Ihnen sehr dankbar. Wir danken allen, die unserem Land in diesen schwierigen Zeiten helfen, wir danken unserem PR\u00c4SIDENTEN &#8211; VOLODYMYR SELENSKYJ, der jeden Tag alles daf\u00fcr tut, um diesen Krieg zu stoppen, daf\u00fcr, dass die humanit\u00e4ren Korridore eigerichtet werden. Dank der abgestimmten Handlungen seines Teams werden die Zivilisten, Frauen, Kinder und \u00e4ltere Menschen gerettet, die noch in den besetzten St\u00e4dten sind.<\/p><\/blockquote>\n<p>Wir, die einfachen Menschen, forderten die Regierungen europ\u00e4ischer L\u00e4nder in allen Medien und sozialen Netzwerken dazu auf, den Himmel zu schlie\u00dfen. Wir verstehen, dass Sie genauso viel Angst haben wie wir und wir wollen nicht, dass der Krieg zu Ihnen kommt. Tun Sie alles in Ihrer Machte Stehende.<\/p>\n<p>Wenn Sie den Himmel nicht schlie\u00dfen k\u00f6nnen, wenn Sie keinen Krieg wollen, helfen Sie uns, den Angreifer aufzuhalten, helfen Sie uns. Wir sind freiwillige Aktivisten, die seit dem ersten Tag der russischen Milit\u00e4rinvasion den Ukrainern helfen, ihr Land vor russischen Invasoren zu verteidigen. Wir organisieren den Einkauf und die Logistik in die Ukraine von humanit\u00e4rer Hilfe, Helmen, Milit\u00e4runiform, kugelsicheren Westen, Schildern, Funkger\u00e4ten sowie Lebensmitteln und Medikamenten, Erste-Hilfe-Materialien, die jetzt an vorderster Front so notwendig sind, sowie f\u00fcr gew\u00f6hnliche B\u00fcrger, die sich in besetzten Gebieten aufhalten und verletzt werden.<\/p>\n<p>Wir haben uns zusammengeschlossen und eine gemeinn\u00fctzige Stiftung gegr\u00fcndet, die es uns erm\u00f6glicht, im rechtlichen Rahmen zu handeln. Ja, es gibt viele gemeinn\u00fctzige Stiftungen, aktuell helfen alle, wir aber machen unsere Arbeit sorgf\u00e4ltig und w\u00fcrdevoll und leisten Hilfe den ukrainischen Streitkr\u00e4ften und zwar den Milit\u00e4reinheiten, die sich derzeit in den umk\u00e4mpften Gebieten befinden, beim Widerstand gegen die russisch-faschistische Aggression.<\/p>\n<p>Wir haben eine gut vernetzte Logistik, das einzige, was immer fehlt, ist das Geld. Deshalb rufen wir alle auf, die keine russischen Soldaten in der N\u00e4he ihrer H\u00e4user sehen wollen \u2013 helfen Sie der Ukraine, \u00fcberweisen Sie Geld, leisten Sie Hilfe. Die Ukraine verteidigt nicht nur sich selbst, jetzt verteidigt die Ukraine die ganze Welt. Gewinnen wir \u2013 gewinnt ganz Europa, wir alle m\u00fcssen unabh\u00e4ngig sein und gemeinsam unsere europ\u00e4ische Zukunft aufbauen.<\/p>\n<p><strong>Ruhm der Ukraine!<\/strong><\/p>\n<p>&nbsp;<\/p>\n<p><\/p>","protected":false},"excerpt":{"rendered":"<p>Guten Tag! Wir sind aus der Ukraine. Sie haben sicherlich geh\u00f6rt, dass wir hier Krieg haben. Vielleicht haben Sie sogar unsere Fl\u00fcchtlinge auf den Stra\u00dfen Ihrer Stadt gesehen. &nbsp; &nbsp; Vielleicht sogar in den Nachrichten \u00fcber die zerschmetterte Stadt Irpin, den Beschuss von Charkiw oder die Bombardierung von Mariupol verfolgt. Also die Stadt, in der [&hellip;]<\/p>\n","protected":false},"author":1,"featured_media":171,"parent":0,"menu_order":0,"comment_status":"closed","ping_status":"closed","template":"","meta":[],"acf":[],"yoast_head":"<!-- This site is optimized with the Yoast SEO plugin v18.5.1 - https:\/\/yoast.com\/wordpress\/plugins\/seo\/ -->\n<title>\u00dcber uns - Use Bude Ukraine<\/title>\n<meta name=\"robots\" content=\"index, follow, max-snippet:-1, max-image-preview:large, max-video-preview:-1\" \/>\n<link rel=\"canonical\" href=\"https:\/\/ukrainecharity.org.ua\/about-us\" \/>\n<meta property=\"og:locale\" content=\"de_DE\" \/>\n<meta property=\"og:type\" content=\"article\" \/>\n<meta property=\"og:title\" content=\"[:ua]\u041f\u0440\u043e \u041d\u0430\u0441[:en]About us[:de]\u00dcber uns[:] - Use Bude Ukraine\" \/>\n<meta property=\"og:description\" content=\"Guten Tag! Wir sind aus der Ukraine. Sie haben sicherlich geh\u00f6rt, dass wir hier Krieg haben. Vielleicht haben Sie sogar unsere Fl\u00fcchtlinge auf den Stra\u00dfen Ihrer Stadt gesehen. &nbsp; &nbsp; Vielleicht sogar in den Nachrichten \u00fcber die zerschmetterte Stadt Irpin, den Beschuss von Charkiw oder die Bombardierung von Mariupol verfolgt. Also die Stadt, in der [&hellip;]\" \/>\n<meta property=\"og:url\" content=\"https:\/\/ukrainecharity.org.ua\/about-us\" \/>\n<meta property=\"og:site_name\" content=\"Use Bude Ukraine\" \/>\n<meta property=\"article:modified_time\" content=\"2022-05-01T15:26:18+00:00\" \/>\n<meta property=\"og:image\" content=\"https:\/\/ukrainecharity.org.ua\/wp-content\/uploads\/2021\/05\/poslugy.jpg\" \/>\n\t<meta property=\"og:image:width\" content=\"1280\" \/>\n\t<meta property=\"og:image:height\" content=\"375\" \/>\n\t<meta property=\"og:image:type\" content=\"image\/jpeg\" \/>\n<meta name=\"twitter:card\" content=\"summary_large_image\" \/>\n<meta name=\"twitter:label1\" content=\"Gesch\u00e4tzte Lesezeit\" \/>\n\t<meta name=\"twitter:data1\" content=\"3\u00a0Minuten\" \/>\n<script type=\"application\/ld+json\" class=\"yoast-schema-graph\">{\"@context\":\"https:\/\/schema.org\",\"@graph\":[{\"@type\":\"WebSite\",\"@id\":\"https:\/\/ukrainecharity.org.ua\/#website\",\"url\":\"https:\/\/ukrainecharity.org.ua\/\",\"name\":\"Use Bude Ukraine\",\"description\":\"Gemeinn\u00fctzige Stiftung\",\"potentialAction\":[{\"@type\":\"SearchAction\",\"target\":{\"@type\":\"EntryPoint\",\"urlTemplate\":\"https:\/\/ukrainecharity.org.ua\/?s={search_term_string}\"},\"query-input\":\"required name=search_term_string\"}],\"inLanguage\":\"de\"},{\"@type\":\"ImageObject\",\"@id\":\"https:\/\/ukrainecharity.org.ua\/about-us#primaryimage\",\"inLanguage\":\"de\",\"url\":\"https:\/\/ukrainecharity.org.ua\/wp-content\/uploads\/2021\/05\/poslugy.jpg\",\"contentUrl\":\"https:\/\/ukrainecharity.org.ua\/wp-content\/uploads\/2021\/05\/poslugy.jpg\",\"width\":1280,\"height\":375},{\"@type\":\"WebPage\",\"@id\":\"https:\/\/ukrainecharity.org.ua\/about-us#webpage\",\"url\":\"https:\/\/ukrainecharity.org.ua\/about-us\",\"name\":\"[:ua]\u041f\u0440\u043e \u041d\u0430\u0441[:en]About us[:de]\u00dcber uns[:] - Use Bude Ukraine\",\"isPartOf\":{\"@id\":\"https:\/\/ukrainecharity.org.ua\/#website\"},\"primaryImageOfPage\":{\"@id\":\"https:\/\/ukrainecharity.org.ua\/about-us#primaryimage\"},\"datePublished\":\"2021-05-20T19:31:07+00:00\",\"dateModified\":\"2022-05-01T15:26:18+00:00\",\"breadcrumb\":{\"@id\":\"https:\/\/ukrainecharity.org.ua\/about-us#breadcrumb\"},\"inLanguage\":\"de\",\"potentialAction\":[{\"@type\":\"ReadAction\",\"target\":[\"https:\/\/ukrainecharity.org.ua\/about-us\"]}]},{\"@type\":\"BreadcrumbList\",\"@id\":\"https:\/\/ukrainecharity.org.ua\/about-us#breadcrumb\",\"itemListElement\":[{\"@type\":\"ListItem\",\"position\":1,\"name\":\"\u0413\u043e\u043b\u043e\u0432\u043d\u0430 \u0421\u0442\u043e\u0440\u0456\u043d\u043a\u0430\",\"item\":\"https:\/\/ukrainecharity.org.ua\/\"},{\"@type\":\"ListItem\",\"position\":2,\"name\":\"\u041f\u0440\u043e \u041d\u0430\u0441\"}]}]}<\/script>\n<!-- \/ Yoast SEO plugin. -->","yoast_head_json":{"title":"[:ua]\u041f\u0440\u043e \u041d\u0430\u0441[:en]About us[:de]\u00dcber uns[:] - Use Bude Ukraine","robots":{"index":"index","follow":"follow","max-snippet":"max-snippet:-1","max-image-preview":"max-image-preview:large","max-video-preview":"max-video-preview:-1"},"canonical":"https:\/\/ukrainecharity.org.ua\/about-us","og_locale":"de_DE","og_type":"article","og_title":"[:ua]\u041f\u0440\u043e \u041d\u0430\u0441[:en]About us[:de]\u00dcber uns[:] - Use Bude Ukraine","og_description":"Guten Tag! Wir sind aus der Ukraine. Sie haben sicherlich geh\u00f6rt, dass wir hier Krieg haben. Vielleicht haben Sie sogar unsere Fl\u00fcchtlinge auf den Stra\u00dfen Ihrer Stadt gesehen. &nbsp; &nbsp; Vielleicht sogar in den Nachrichten \u00fcber die zerschmetterte Stadt Irpin, den Beschuss von Charkiw oder die Bombardierung von Mariupol verfolgt. Also die Stadt, in der [&hellip;]","og_url":"https:\/\/ukrainecharity.org.ua\/about-us","og_site_name":"Use Bude Ukraine","article_modified_time":"2022-05-01T15:26:18+00:00","og_image":[{"width":1280,"height":375,"url":"https:\/\/ukrainecharity.org.ua\/wp-content\/uploads\/2021\/05\/poslugy.jpg","type":"image\/jpeg"}],"twitter_card":"summary_large_image","twitter_misc":{"Gesch\u00e4tzte Lesezeit":"3\u00a0Minuten"},"schema":{"@context":"https:\/\/schema.org","@graph":[{"@type":"WebSite","@id":"https:\/\/ukrainecharity.org.ua\/#website","url":"https:\/\/ukrainecharity.org.ua\/","name":"Use Bude Ukraine","description":"Gemeinn\u00fctzige Stiftung","potentialAction":[{"@type":"SearchAction","target":{"@type":"EntryPoint","urlTemplate":"https:\/\/ukrainecharity.org.ua\/?s={search_term_string}"},"query-input":"required name=search_term_string"}],"inLanguage":"de"},{"@type":"ImageObject","@id":"https:\/\/ukrainecharity.org.ua\/about-us#primaryimage","inLanguage":"de","url":"https:\/\/ukrainecharity.org.ua\/wp-content\/uploads\/2021\/05\/poslugy.jpg","contentUrl":"https:\/\/ukrainecharity.org.ua\/wp-content\/uploads\/2021\/05\/poslugy.jpg","width":1280,"height":375},{"@type":"WebPage","@id":"https:\/\/ukrainecharity.org.ua\/about-us#webpage","url":"https:\/\/ukrainecharity.org.ua\/about-us","name":"[:ua]\u041f\u0440\u043e \u041d\u0430\u0441[:en]About us[:de]\u00dcber uns[:] - Use Bude Ukraine","isPartOf":{"@id":"https:\/\/ukrainecharity.org.ua\/#website"},"primaryImageOfPage":{"@id":"https:\/\/ukrainecharity.org.ua\/about-us#primaryimage"},"datePublished":"2021-05-20T19:31:07+00:00","dateModified":"2022-05-01T15:26:18+00:00","breadcrumb":{"@id":"https:\/\/ukrainecharity.org.ua\/about-us#breadcrumb"},"inLanguage":"de","potentialAction":[{"@type":"ReadAction","target":["https:\/\/ukrainecharity.org.ua\/about-us"]}]},{"@type":"BreadcrumbList","@id":"https:\/\/ukrainecharity.org.ua\/about-us#breadcrumb","itemListElement":[{"@type":"ListItem","position":1,"name":"\u0413\u043e\u043b\u043e\u0432\u043d\u0430 \u0421\u0442\u043e\u0440\u0456\u043d\u043a\u0430","item":"https:\/\/ukrainecharity.org.ua\/"},{"@type":"ListItem","position":2,"name":"\u041f\u0440\u043e \u041d\u0430\u0441"}]}]}},"_links":{"self":[{"href":"https:\/\/ukrainecharity.org.ua\/de\/wp-json\/wp\/v2\/pages\/36"}],"collection":[{"href":"https:\/\/ukrainecharity.org.ua\/de\/wp-json\/wp\/v2\/pages"}],"about":[{"href":"https:\/\/ukrainecharity.org.ua\/de\/wp-json\/wp\/v2\/types\/page"}],"author":[{"embeddable":true,"href":"https:\/\/ukrainecharity.org.ua\/de\/wp-json\/wp\/v2\/users\/1"}],"replies":[{"embeddable":true,"href":"https:\/\/ukrainecharity.org.ua\/de\/wp-json\/wp\/v2\/comments?post=36"}],"version-history":[{"count":10,"href":"https:\/\/ukrainecharity.org.ua\/de\/wp-json\/wp\/v2\/pages\/36\/revisions"}],"predecessor-version":[{"id":596,"href":"https:\/\/ukrainecharity.org.ua\/de\/wp-json\/wp\/v2\/pages\/36\/revisions\/596"}],"wp:featuredmedia":[{"embeddable":true,"href":"https:\/\/ukrainecharity.org.ua\/de\/wp-json\/wp\/v2\/media\/171"}],"wp:attachment":[{"href":"https:\/\/ukrainecharity.org.ua\/de\/wp-json\/wp\/v2\/media?parent=36"}],"curies":[{"name":"wp","href":"https:\/\/api.w.org\/{rel}","templated":true}]}}