{"id":343,"date":"2022-04-01T23:24:33","date_gmt":"2022-04-01T20:24:33","guid":{"rendered":"https:\/\/ukrainecharity.org.ua\/?page_id=343"},"modified":"2022-05-01T18:13:44","modified_gmt":"2022-05-01T15:13:44","slug":"vidnovlennya-infrastruktury","status":"publish","type":"page","link":"https:\/\/ukrainecharity.org.ua\/de\/directions\/vidnovlennya-infrastruktury","title":{"rendered":"Wiederherstellung der Infrastruktur"},"content":{"rendered":"<p><\/p>\n<p>Wie kann Ihre Spende beim Wiederaufbau der Infrastruktur helfen? Zuallererst wird Ihre Hilfe f\u00fcr Minenr\u00e4umger\u00e4te genutzt, denn in dieser Angelegenheit ist eine katastrophale Situation eingetreten.<\/p>\n<p>Die russische Armee vermint gro\u00dfe Teile des Landes, von denen sie sich zur\u00fcckzieht. Sie vermint Stra\u00dfen, Felder, H\u00e4user und Autos. Sie vermint Gegenst\u00e4nde und sogar Kinderspielzeug. Stellen Sie sich das vor &#8211; nach unserem gemeinsamen Sieg \u00fcber die Horde kehrt ein Kind in sein Haus zur\u00fcck, nimmt den dort zur\u00fcckgelassenen Teddyb\u00e4ren und darunter befindet sich eine Granate, die ein russischer Soldat zur\u00fcckgelassen hat.<\/p>\n<p>Und das Leben eines Kindes, das vor dem Krieg gerettet und nach Hause zur\u00fcckgekehrt zu sein scheint, endet in Schrecken und Schmerz. Aber Sie k\u00f6nnen dieses Kind retten.<\/p>\n<p>Ihr Geld wird dazu verwendet, um sicherzustellen, dass der Teddyb\u00e4r ohne Granate auf ein Kind wartet, damit die Stra\u00dfen sicher genutzt, auf den Feldern ges\u00e4t und in H\u00e4usern gelebt werden kann. Und daf\u00fcr sind wir Ihnen unendlich dankbar.<\/p>\n<p>Wiederaufbau der <a href=\"\/type_portfolio\/vidnovlennya-nfrastruktury\">#Infrastruktur der Ukraine<\/a>.<\/p>\n<p><\/p>","protected":false},"excerpt":{"rendered":"<p>Wie kann Ihre Spende beim Wiederaufbau der Infrastruktur helfen? Zuallererst wird Ihre Hilfe f\u00fcr Minenr\u00e4umger\u00e4te genutzt, denn in dieser Angelegenheit ist eine katastrophale Situation eingetreten. Die russische Armee vermint gro\u00dfe Teile des Landes, von denen sie sich zur\u00fcckzieht. Sie vermint Stra\u00dfen, Felder, H\u00e4user und Autos. Sie vermint Gegenst\u00e4nde und sogar Kinderspielzeug. Stellen Sie sich das [&hellip;]<\/p>\n","protected":false},"author":1,"featured_media":345,"parent":69,"menu_order":0,"comment_status":"closed","ping_status":"closed","template":"","meta":[],"acf":[],"yoast_head":"<!-- This site is optimized with the Yoast SEO plugin v18.5.1 - https:\/\/yoast.com\/wordpress\/plugins\/seo\/ -->\n<title>Wiederherstellung der Infrastruktur - Use Bude Ukraine<\/title>\n<meta name=\"robots\" content=\"index, follow, max-snippet:-1, max-image-preview:large, max-video-preview:-1\" \/>\n<link rel=\"canonical\" href=\"https:\/\/ukrainecharity.org.ua\/directions\/vidnovlennya-infrastruktury\" \/>\n<meta property=\"og:locale\" content=\"de_DE\" \/>\n<meta property=\"og:type\" content=\"article\" \/>\n<meta property=\"og:title\" content=\"[:ua]\u0412\u0456\u0434\u043d\u043e\u0432\u043b\u0435\u043d\u043d\u044f \u0456\u043d\u0444\u0440\u0430\u0441\u0442\u0440\u0443\u043a\u0442\u0443\u0440\u0438[:en]Infrastructure recovery[:de]Wiederherstellung der Infrastruktur[:] - Use Bude Ukraine\" \/>\n<meta property=\"og:description\" content=\"Wie kann Ihre Spende beim Wiederaufbau der Infrastruktur helfen? Zuallererst wird Ihre Hilfe f\u00fcr Minenr\u00e4umger\u00e4te genutzt, denn in dieser Angelegenheit ist eine katastrophale Situation eingetreten. Die russische Armee vermint gro\u00dfe Teile des Landes, von denen sie sich zur\u00fcckzieht. Sie vermint Stra\u00dfen, Felder, H\u00e4user und Autos. Sie vermint Gegenst\u00e4nde und sogar Kinderspielzeug. Stellen Sie sich das [&hellip;]\" \/>\n<meta property=\"og:url\" content=\"https:\/\/ukrainecharity.org.ua\/directions\/vidnovlennya-infrastruktury\" \/>\n<meta property=\"og:site_name\" content=\"Use Bude Ukraine\" \/>\n<meta property=\"article:modified_time\" content=\"2022-05-01T15:13:44+00:00\" \/>\n<meta property=\"og:image\" content=\"https:\/\/ukrainecharity.org.ua\/wp-content\/uploads\/2022\/04\/vidnovlennya-infrastruktury.jpg\" \/>\n\t<meta property=\"og:image:width\" content=\"1280\" \/>\n\t<meta property=\"og:image:height\" content=\"375\" \/>\n\t<meta property=\"og:image:type\" content=\"image\/jpeg\" \/>\n<meta name=\"twitter:card\" content=\"summary_large_image\" \/>\n<meta name=\"twitter:label1\" content=\"Gesch\u00e4tzte Lesezeit\" \/>\n\t<meta name=\"twitter:data1\" content=\"2\u00a0Minuten\" \/>\n<script type=\"application\/ld+json\" class=\"yoast-schema-graph\">{\"@context\":\"https:\/\/schema.org\",\"@graph\":[{\"@type\":\"WebSite\",\"@id\":\"https:\/\/ukrainecharity.org.ua\/#website\",\"url\":\"https:\/\/ukrainecharity.org.ua\/\",\"name\":\"Use Bude Ukraine\",\"description\":\"Gemeinn\u00fctzige Stiftung\",\"potentialAction\":[{\"@type\":\"SearchAction\",\"target\":{\"@type\":\"EntryPoint\",\"urlTemplate\":\"https:\/\/ukrainecharity.org.ua\/?s={search_term_string}\"},\"query-input\":\"required name=search_term_string\"}],\"inLanguage\":\"de\"},{\"@type\":\"ImageObject\",\"@id\":\"https:\/\/ukrainecharity.org.ua\/directions\/vidnovlennya-infrastruktury#primaryimage\",\"inLanguage\":\"de\",\"url\":\"https:\/\/ukrainecharity.org.ua\/wp-content\/uploads\/2022\/04\/vidnovlennya-infrastruktury.jpg\",\"contentUrl\":\"https:\/\/ukrainecharity.org.ua\/wp-content\/uploads\/2022\/04\/vidnovlennya-infrastruktury.jpg\",\"width\":1280,\"height\":375},{\"@type\":\"WebPage\",\"@id\":\"https:\/\/ukrainecharity.org.ua\/directions\/vidnovlennya-infrastruktury#webpage\",\"url\":\"https:\/\/ukrainecharity.org.ua\/directions\/vidnovlennya-infrastruktury\",\"name\":\"[:ua]\u0412\u0456\u0434\u043d\u043e\u0432\u043b\u0435\u043d\u043d\u044f \u0456\u043d\u0444\u0440\u0430\u0441\u0442\u0440\u0443\u043a\u0442\u0443\u0440\u0438[:en]Infrastructure recovery[:de]Wiederherstellung der Infrastruktur[:] - Use Bude Ukraine\",\"isPartOf\":{\"@id\":\"https:\/\/ukrainecharity.org.ua\/#website\"},\"primaryImageOfPage\":{\"@id\":\"https:\/\/ukrainecharity.org.ua\/directions\/vidnovlennya-infrastruktury#primaryimage\"},\"datePublished\":\"2022-04-01T20:24:33+00:00\",\"dateModified\":\"2022-05-01T15:13:44+00:00\",\"breadcrumb\":{\"@id\":\"https:\/\/ukrainecharity.org.ua\/directions\/vidnovlennya-infrastruktury#breadcrumb\"},\"inLanguage\":\"de\",\"potentialAction\":[{\"@type\":\"ReadAction\",\"target\":[\"https:\/\/ukrainecharity.org.ua\/directions\/vidnovlennya-infrastruktury\"]}]},{\"@type\":\"BreadcrumbList\",\"@id\":\"https:\/\/ukrainecharity.org.ua\/directions\/vidnovlennya-infrastruktury#breadcrumb\",\"itemListElement\":[{\"@type\":\"ListItem\",\"position\":1,\"name\":\"\u0413\u043e\u043b\u043e\u0432\u043d\u0430 \u0421\u0442\u043e\u0440\u0456\u043d\u043a\u0430\",\"item\":\"https:\/\/ukrainecharity.org.ua\/\"},{\"@type\":\"ListItem\",\"position\":2,\"name\":\"\u041d\u0430\u043f\u0440\u044f\u043c\u043a\u0438\",\"item\":\"https:\/\/ukrainecharity.org.ua\/directions\"},{\"@type\":\"ListItem\",\"position\":3,\"name\":\"\u0412\u0456\u0434\u043d\u043e\u0432\u043b\u0435\u043d\u043d\u044f \u0456\u043d\u0444\u0440\u0430\u0441\u0442\u0440\u0443\u043a\u0442\u0443\u0440\u0438\"}]}]}<\/script>\n<!-- \/ Yoast SEO plugin. -->","yoast_head_json":{"title":"[:ua]\u0412\u0456\u0434\u043d\u043e\u0432\u043b\u0435\u043d\u043d\u044f \u0456\u043d\u0444\u0440\u0430\u0441\u0442\u0440\u0443\u043a\u0442\u0443\u0440\u0438[:en]Infrastructure recovery[:de]Wiederherstellung der Infrastruktur[:] - Use Bude Ukraine","robots":{"index":"index","follow":"follow","max-snippet":"max-snippet:-1","max-image-preview":"max-image-preview:large","max-video-preview":"max-video-preview:-1"},"canonical":"https:\/\/ukrainecharity.org.ua\/directions\/vidnovlennya-infrastruktury","og_locale":"de_DE","og_type":"article","og_title":"[:ua]\u0412\u0456\u0434\u043d\u043e\u0432\u043b\u0435\u043d\u043d\u044f \u0456\u043d\u0444\u0440\u0430\u0441\u0442\u0440\u0443\u043a\u0442\u0443\u0440\u0438[:en]Infrastructure recovery[:de]Wiederherstellung der Infrastruktur[:] - Use Bude Ukraine","og_description":"Wie kann Ihre Spende beim Wiederaufbau der Infrastruktur helfen? Zuallererst wird Ihre Hilfe f\u00fcr Minenr\u00e4umger\u00e4te genutzt, denn in dieser Angelegenheit ist eine katastrophale Situation eingetreten. Die russische Armee vermint gro\u00dfe Teile des Landes, von denen sie sich zur\u00fcckzieht. Sie vermint Stra\u00dfen, Felder, H\u00e4user und Autos. Sie vermint Gegenst\u00e4nde und sogar Kinderspielzeug. Stellen Sie sich das [&hellip;]","og_url":"https:\/\/ukrainecharity.org.ua\/directions\/vidnovlennya-infrastruktury","og_site_name":"Use Bude Ukraine","article_modified_time":"2022-05-01T15:13:44+00:00","og_image":[{"width":1280,"height":375,"url":"https:\/\/ukrainecharity.org.ua\/wp-content\/uploads\/2022\/04\/vidnovlennya-infrastruktury.jpg","type":"image\/jpeg"}],"twitter_card":"summary_large_image","twitter_misc":{"Gesch\u00e4tzte Lesezeit":"2\u00a0Minuten"},"schema":{"@context":"https:\/\/schema.org","@graph":[{"@type":"WebSite","@id":"https:\/\/ukrainecharity.org.ua\/#website","url":"https:\/\/ukrainecharity.org.ua\/","name":"Use Bude Ukraine","description":"Gemeinn\u00fctzige Stiftung","potentialAction":[{"@type":"SearchAction","target":{"@type":"EntryPoint","urlTemplate":"https:\/\/ukrainecharity.org.ua\/?s={search_term_string}"},"query-input":"required name=search_term_string"}],"inLanguage":"de"},{"@type":"ImageObject","@id":"https:\/\/ukrainecharity.org.ua\/directions\/vidnovlennya-infrastruktury#primaryimage","inLanguage":"de","url":"https:\/\/ukrainecharity.org.ua\/wp-content\/uploads\/2022\/04\/vidnovlennya-infrastruktury.jpg","contentUrl":"https:\/\/ukrainecharity.org.ua\/wp-content\/uploads\/2022\/04\/vidnovlennya-infrastruktury.jpg","width":1280,"height":375},{"@type":"WebPage","@id":"https:\/\/ukrainecharity.org.ua\/directions\/vidnovlennya-infrastruktury#webpage","url":"https:\/\/ukrainecharity.org.ua\/directions\/vidnovlennya-infrastruktury","name":"[:ua]\u0412\u0456\u0434\u043d\u043e\u0432\u043b\u0435\u043d\u043d\u044f \u0456\u043d\u0444\u0440\u0430\u0441\u0442\u0440\u0443\u043a\u0442\u0443\u0440\u0438[:en]Infrastructure recovery[:de]Wiederherstellung der Infrastruktur[:] - Use Bude Ukraine","isPartOf":{"@id":"https:\/\/ukrainecharity.org.ua\/#website"},"primaryImageOfPage":{"@id":"https:\/\/ukrainecharity.org.ua\/directions\/vidnovlennya-infrastruktury#primaryimage"},"datePublished":"2022-04-01T20:24:33+00:00","dateModified":"2022-05-01T15:13:44+00:00","breadcrumb":{"@id":"https:\/\/ukrainecharity.org.ua\/directions\/vidnovlennya-infrastruktury#breadcrumb"},"inLanguage":"de","potentialAction":[{"@type":"ReadAction","target":["https:\/\/ukrainecharity.org.ua\/directions\/vidnovlennya-infrastruktury"]}]},{"@type":"BreadcrumbList","@id":"https:\/\/ukrainecharity.org.ua\/directions\/vidnovlennya-infrastruktury#breadcrumb","itemListElement":[{"@type":"ListItem","position":1,"name":"\u0413\u043e\u043b\u043e\u0432\u043d\u0430 \u0421\u0442\u043e\u0440\u0456\u043d\u043a\u0430","item":"https:\/\/ukrainecharity.org.ua\/"},{"@type":"ListItem","position":2,"name":"\u041d\u0430\u043f\u0440\u044f\u043c\u043a\u0438","item":"https:\/\/ukrainecharity.org.ua\/directions"},{"@type":"ListItem","position":3,"name":"\u0412\u0456\u0434\u043d\u043e\u0432\u043b\u0435\u043d\u043d\u044f \u0456\u043d\u0444\u0440\u0430\u0441\u0442\u0440\u0443\u043a\u0442\u0443\u0440\u0438"}]}]}},"_links":{"self":[{"href":"https:\/\/ukrainecharity.org.ua\/de\/wp-json\/wp\/v2\/pages\/343"}],"collection":[{"href":"https:\/\/ukrainecharity.org.ua\/de\/wp-json\/wp\/v2\/pages"}],"about":[{"href":"https:\/\/ukrainecharity.org.ua\/de\/wp-json\/wp\/v2\/types\/page"}],"author":[{"embeddable":true,"href":"https:\/\/ukrainecharity.org.ua\/de\/wp-json\/wp\/v2\/users\/1"}],"replies":[{"embeddable":true,"href":"https:\/\/ukrainecharity.org.ua\/de\/wp-json\/wp\/v2\/comments?post=343"}],"version-history":[{"count":8,"href":"https:\/\/ukrainecharity.org.ua\/de\/wp-json\/wp\/v2\/pages\/343\/revisions"}],"predecessor-version":[{"id":592,"href":"https:\/\/ukrainecharity.org.ua\/de\/wp-json\/wp\/v2\/pages\/343\/revisions\/592"}],"up":[{"embeddable":true,"href":"https:\/\/ukrainecharity.org.ua\/de\/wp-json\/wp\/v2\/pages\/69"}],"wp:featuredmedia":[{"embeddable":true,"href":"https:\/\/ukrainecharity.org.ua\/de\/wp-json\/wp\/v2\/media\/345"}],"wp:attachment":[{"href":"https:\/\/ukrainecharity.org.ua\/de\/wp-json\/wp\/v2\/media?parent=343"}],"curies":[{"name":"wp","href":"https:\/\/api.w.org\/{rel}","templated":true}]}}