{"id":339,"date":"2022-04-01T23:15:54","date_gmt":"2022-04-01T20:15:54","guid":{"rendered":"https:\/\/ukrainecharity.org.ua\/?page_id=339"},"modified":"2022-05-01T17:44:16","modified_gmt":"2022-05-01T14:44:16","slug":"gumanitarna-dopomoga","status":"publish","type":"page","link":"https:\/\/ukrainecharity.org.ua\/de\/directions\/gumanitarna-dopomoga","title":{"rendered":"Humanit\u00e4re Hilfe"},"content":{"rendered":"<p><\/p>\n<p>Was k\u00f6nnen wir Ihnen \u00fcber humanit\u00e4re Hilfe berichten? Nun, Sie haben vielleicht eine Frage &#8211; Welche Art von humanit\u00e4rer Hilfe wollen wir kaufen, wenn die ganze zivilisierte Welt daf\u00fcr Gelder zu \u00fcberweisen scheint?<\/p>\n<p>Leider k\u00e4mpft die Horde und verletzt dabei nicht nur offizielle Konventionen, sondern einfach alle Gesetze der Menschlichkeit. Nahrung f\u00fcr Mensch und Tier wird st\u00e4ndig ben\u00f6tigt. Auch die Verwundeten m\u00fcssen st\u00e4ndig versorgt werden.<\/p>\n<p>Und vergessen Sie nicht, dass solche einfachen und gew\u00f6hnlichen Dinge wie Windeln, Hygieneprodukte und sogar Waschmittel ebenso ben\u00f6tigt werden. Ja, sie werden st\u00e4ndig ben\u00f6tigt und Sie k\u00f6nnen dabei helfen, sie f\u00fcr die Menschen bereitzustellen.<\/p>\n<p>Weitergereichte <a href=\"\/de\/type_portfolio\/gumanitarna-dopomoga\">#Humanit\u00e4re Hilfe<\/a>.<\/p>\n<p><\/p>","protected":false},"excerpt":{"rendered":"<p>Was k\u00f6nnen wir Ihnen \u00fcber humanit\u00e4re Hilfe berichten? Nun, Sie haben vielleicht eine Frage &#8211; Welche Art von humanit\u00e4rer Hilfe wollen wir kaufen, wenn die ganze zivilisierte Welt daf\u00fcr Gelder zu \u00fcberweisen scheint? Leider k\u00e4mpft die Horde und verletzt dabei nicht nur offizielle Konventionen, sondern einfach alle Gesetze der Menschlichkeit. Nahrung f\u00fcr Mensch und Tier [&hellip;]<\/p>\n","protected":false},"author":1,"featured_media":460,"parent":69,"menu_order":0,"comment_status":"closed","ping_status":"closed","template":"","meta":[],"acf":[],"yoast_head":"<!-- This site is optimized with the Yoast SEO plugin v18.5.1 - https:\/\/yoast.com\/wordpress\/plugins\/seo\/ -->\n<title>Humanit\u00e4re Hilfe - Use Bude Ukraine<\/title>\n<meta name=\"robots\" content=\"index, follow, max-snippet:-1, max-image-preview:large, max-video-preview:-1\" \/>\n<link rel=\"canonical\" href=\"https:\/\/ukrainecharity.org.ua\/directions\/gumanitarna-dopomoga\" \/>\n<meta property=\"og:locale\" content=\"de_DE\" \/>\n<meta property=\"og:type\" content=\"article\" \/>\n<meta property=\"og:title\" content=\"[:ua]\u0413\u0443\u043c\u0430\u043d\u0456\u0442\u0430\u0440\u043d\u0430 \u0434\u043e\u043f\u043e\u043c\u043e\u0433\u0430[:en]Humanitarian aid[:de]Humanit\u00e4re Hilfe[:] - Use Bude Ukraine\" \/>\n<meta property=\"og:description\" content=\"Was k\u00f6nnen wir Ihnen \u00fcber humanit\u00e4re Hilfe berichten? Nun, Sie haben vielleicht eine Frage &#8211; Welche Art von humanit\u00e4rer Hilfe wollen wir kaufen, wenn die ganze zivilisierte Welt daf\u00fcr Gelder zu \u00fcberweisen scheint? Leider k\u00e4mpft die Horde und verletzt dabei nicht nur offizielle Konventionen, sondern einfach alle Gesetze der Menschlichkeit. Nahrung f\u00fcr Mensch und Tier [&hellip;]\" \/>\n<meta property=\"og:url\" content=\"https:\/\/ukrainecharity.org.ua\/directions\/gumanitarna-dopomoga\" \/>\n<meta property=\"og:site_name\" content=\"Use Bude Ukraine\" \/>\n<meta property=\"article:modified_time\" content=\"2022-05-01T14:44:16+00:00\" \/>\n<meta property=\"og:image\" content=\"https:\/\/ukrainecharity.org.ua\/wp-content\/uploads\/2022\/04\/gumanitarna-dopomoga-2.jpg\" \/>\n\t<meta property=\"og:image:width\" content=\"1280\" \/>\n\t<meta property=\"og:image:height\" content=\"375\" \/>\n\t<meta property=\"og:image:type\" content=\"image\/jpeg\" \/>\n<meta name=\"twitter:card\" content=\"summary_large_image\" \/>\n<meta name=\"twitter:label1\" content=\"Gesch\u00e4tzte Lesezeit\" \/>\n\t<meta name=\"twitter:data1\" content=\"1\u00a0Minute\" \/>\n<script type=\"application\/ld+json\" class=\"yoast-schema-graph\">{\"@context\":\"https:\/\/schema.org\",\"@graph\":[{\"@type\":\"WebSite\",\"@id\":\"https:\/\/ukrainecharity.org.ua\/#website\",\"url\":\"https:\/\/ukrainecharity.org.ua\/\",\"name\":\"Use Bude Ukraine\",\"description\":\"Gemeinn\u00fctzige Stiftung\",\"potentialAction\":[{\"@type\":\"SearchAction\",\"target\":{\"@type\":\"EntryPoint\",\"urlTemplate\":\"https:\/\/ukrainecharity.org.ua\/?s={search_term_string}\"},\"query-input\":\"required name=search_term_string\"}],\"inLanguage\":\"de\"},{\"@type\":\"ImageObject\",\"@id\":\"https:\/\/ukrainecharity.org.ua\/directions\/gumanitarna-dopomoga#primaryimage\",\"inLanguage\":\"de\",\"url\":\"https:\/\/ukrainecharity.org.ua\/wp-content\/uploads\/2022\/04\/gumanitarna-dopomoga-2.jpg\",\"contentUrl\":\"https:\/\/ukrainecharity.org.ua\/wp-content\/uploads\/2022\/04\/gumanitarna-dopomoga-2.jpg\",\"width\":1280,\"height\":375},{\"@type\":\"WebPage\",\"@id\":\"https:\/\/ukrainecharity.org.ua\/directions\/gumanitarna-dopomoga#webpage\",\"url\":\"https:\/\/ukrainecharity.org.ua\/directions\/gumanitarna-dopomoga\",\"name\":\"[:ua]\u0413\u0443\u043c\u0430\u043d\u0456\u0442\u0430\u0440\u043d\u0430 \u0434\u043e\u043f\u043e\u043c\u043e\u0433\u0430[:en]Humanitarian aid[:de]Humanit\u00e4re Hilfe[:] - Use Bude Ukraine\",\"isPartOf\":{\"@id\":\"https:\/\/ukrainecharity.org.ua\/#website\"},\"primaryImageOfPage\":{\"@id\":\"https:\/\/ukrainecharity.org.ua\/directions\/gumanitarna-dopomoga#primaryimage\"},\"datePublished\":\"2022-04-01T20:15:54+00:00\",\"dateModified\":\"2022-05-01T14:44:16+00:00\",\"breadcrumb\":{\"@id\":\"https:\/\/ukrainecharity.org.ua\/directions\/gumanitarna-dopomoga#breadcrumb\"},\"inLanguage\":\"de\",\"potentialAction\":[{\"@type\":\"ReadAction\",\"target\":[\"https:\/\/ukrainecharity.org.ua\/directions\/gumanitarna-dopomoga\"]}]},{\"@type\":\"BreadcrumbList\",\"@id\":\"https:\/\/ukrainecharity.org.ua\/directions\/gumanitarna-dopomoga#breadcrumb\",\"itemListElement\":[{\"@type\":\"ListItem\",\"position\":1,\"name\":\"\u0413\u043e\u043b\u043e\u0432\u043d\u0430 \u0421\u0442\u043e\u0440\u0456\u043d\u043a\u0430\",\"item\":\"https:\/\/ukrainecharity.org.ua\/\"},{\"@type\":\"ListItem\",\"position\":2,\"name\":\"\u041d\u0430\u043f\u0440\u044f\u043c\u043a\u0438\",\"item\":\"https:\/\/ukrainecharity.org.ua\/directions\"},{\"@type\":\"ListItem\",\"position\":3,\"name\":\"\u0413\u0443\u043c\u0430\u043d\u0456\u0442\u0430\u0440\u043d\u0430 \u0434\u043e\u043f\u043e\u043c\u043e\u0433\u0430\"}]}]}<\/script>\n<!-- \/ Yoast SEO plugin. -->","yoast_head_json":{"title":"[:ua]\u0413\u0443\u043c\u0430\u043d\u0456\u0442\u0430\u0440\u043d\u0430 \u0434\u043e\u043f\u043e\u043c\u043e\u0433\u0430[:en]Humanitarian aid[:de]Humanit\u00e4re Hilfe[:] - Use Bude Ukraine","robots":{"index":"index","follow":"follow","max-snippet":"max-snippet:-1","max-image-preview":"max-image-preview:large","max-video-preview":"max-video-preview:-1"},"canonical":"https:\/\/ukrainecharity.org.ua\/directions\/gumanitarna-dopomoga","og_locale":"de_DE","og_type":"article","og_title":"[:ua]\u0413\u0443\u043c\u0430\u043d\u0456\u0442\u0430\u0440\u043d\u0430 \u0434\u043e\u043f\u043e\u043c\u043e\u0433\u0430[:en]Humanitarian aid[:de]Humanit\u00e4re Hilfe[:] - Use Bude Ukraine","og_description":"Was k\u00f6nnen wir Ihnen \u00fcber humanit\u00e4re Hilfe berichten? Nun, Sie haben vielleicht eine Frage &#8211; Welche Art von humanit\u00e4rer Hilfe wollen wir kaufen, wenn die ganze zivilisierte Welt daf\u00fcr Gelder zu \u00fcberweisen scheint? Leider k\u00e4mpft die Horde und verletzt dabei nicht nur offizielle Konventionen, sondern einfach alle Gesetze der Menschlichkeit. Nahrung f\u00fcr Mensch und Tier [&hellip;]","og_url":"https:\/\/ukrainecharity.org.ua\/directions\/gumanitarna-dopomoga","og_site_name":"Use Bude Ukraine","article_modified_time":"2022-05-01T14:44:16+00:00","og_image":[{"width":1280,"height":375,"url":"https:\/\/ukrainecharity.org.ua\/wp-content\/uploads\/2022\/04\/gumanitarna-dopomoga-2.jpg","type":"image\/jpeg"}],"twitter_card":"summary_large_image","twitter_misc":{"Gesch\u00e4tzte Lesezeit":"1\u00a0Minute"},"schema":{"@context":"https:\/\/schema.org","@graph":[{"@type":"WebSite","@id":"https:\/\/ukrainecharity.org.ua\/#website","url":"https:\/\/ukrainecharity.org.ua\/","name":"Use Bude Ukraine","description":"Gemeinn\u00fctzige Stiftung","potentialAction":[{"@type":"SearchAction","target":{"@type":"EntryPoint","urlTemplate":"https:\/\/ukrainecharity.org.ua\/?s={search_term_string}"},"query-input":"required name=search_term_string"}],"inLanguage":"de"},{"@type":"ImageObject","@id":"https:\/\/ukrainecharity.org.ua\/directions\/gumanitarna-dopomoga#primaryimage","inLanguage":"de","url":"https:\/\/ukrainecharity.org.ua\/wp-content\/uploads\/2022\/04\/gumanitarna-dopomoga-2.jpg","contentUrl":"https:\/\/ukrainecharity.org.ua\/wp-content\/uploads\/2022\/04\/gumanitarna-dopomoga-2.jpg","width":1280,"height":375},{"@type":"WebPage","@id":"https:\/\/ukrainecharity.org.ua\/directions\/gumanitarna-dopomoga#webpage","url":"https:\/\/ukrainecharity.org.ua\/directions\/gumanitarna-dopomoga","name":"[:ua]\u0413\u0443\u043c\u0430\u043d\u0456\u0442\u0430\u0440\u043d\u0430 \u0434\u043e\u043f\u043e\u043c\u043e\u0433\u0430[:en]Humanitarian aid[:de]Humanit\u00e4re Hilfe[:] - Use Bude Ukraine","isPartOf":{"@id":"https:\/\/ukrainecharity.org.ua\/#website"},"primaryImageOfPage":{"@id":"https:\/\/ukrainecharity.org.ua\/directions\/gumanitarna-dopomoga#primaryimage"},"datePublished":"2022-04-01T20:15:54+00:00","dateModified":"2022-05-01T14:44:16+00:00","breadcrumb":{"@id":"https:\/\/ukrainecharity.org.ua\/directions\/gumanitarna-dopomoga#breadcrumb"},"inLanguage":"de","potentialAction":[{"@type":"ReadAction","target":["https:\/\/ukrainecharity.org.ua\/directions\/gumanitarna-dopomoga"]}]},{"@type":"BreadcrumbList","@id":"https:\/\/ukrainecharity.org.ua\/directions\/gumanitarna-dopomoga#breadcrumb","itemListElement":[{"@type":"ListItem","position":1,"name":"\u0413\u043e\u043b\u043e\u0432\u043d\u0430 \u0421\u0442\u043e\u0440\u0456\u043d\u043a\u0430","item":"https:\/\/ukrainecharity.org.ua\/"},{"@type":"ListItem","position":2,"name":"\u041d\u0430\u043f\u0440\u044f\u043c\u043a\u0438","item":"https:\/\/ukrainecharity.org.ua\/directions"},{"@type":"ListItem","position":3,"name":"\u0413\u0443\u043c\u0430\u043d\u0456\u0442\u0430\u0440\u043d\u0430 \u0434\u043e\u043f\u043e\u043c\u043e\u0433\u0430"}]}]}},"_links":{"self":[{"href":"https:\/\/ukrainecharity.org.ua\/de\/wp-json\/wp\/v2\/pages\/339"}],"collection":[{"href":"https:\/\/ukrainecharity.org.ua\/de\/wp-json\/wp\/v2\/pages"}],"about":[{"href":"https:\/\/ukrainecharity.org.ua\/de\/wp-json\/wp\/v2\/types\/page"}],"author":[{"embeddable":true,"href":"https:\/\/ukrainecharity.org.ua\/de\/wp-json\/wp\/v2\/users\/1"}],"replies":[{"embeddable":true,"href":"https:\/\/ukrainecharity.org.ua\/de\/wp-json\/wp\/v2\/comments?post=339"}],"version-history":[{"count":8,"href":"https:\/\/ukrainecharity.org.ua\/de\/wp-json\/wp\/v2\/pages\/339\/revisions"}],"predecessor-version":[{"id":587,"href":"https:\/\/ukrainecharity.org.ua\/de\/wp-json\/wp\/v2\/pages\/339\/revisions\/587"}],"up":[{"embeddable":true,"href":"https:\/\/ukrainecharity.org.ua\/de\/wp-json\/wp\/v2\/pages\/69"}],"wp:featuredmedia":[{"embeddable":true,"href":"https:\/\/ukrainecharity.org.ua\/de\/wp-json\/wp\/v2\/media\/460"}],"wp:attachment":[{"href":"https:\/\/ukrainecharity.org.ua\/de\/wp-json\/wp\/v2\/media?parent=339"}],"curies":[{"name":"wp","href":"https:\/\/api.w.org\/{rel}","templated":true}]}}