{"id":336,"date":"2022-04-01T23:03:17","date_gmt":"2022-04-01T20:03:17","guid":{"rendered":"https:\/\/ukrainecharity.org.ua\/?page_id=336"},"modified":"2022-05-03T13:02:25","modified_gmt":"2022-05-03T10:02:25","slug":"tehnichni-zasoby","status":"publish","type":"page","link":"https:\/\/ukrainecharity.org.ua\/de\/directions\/tehnichni-zasoby","title":{"rendered":"Technische Mittel"},"content":{"rendered":"<p><\/p>\n<p>Welche technischen Mittel beabsichtigen wir, f\u00fcr Ihr Geld zu erwerben? Es sollen Funkger\u00e4te, kugelsichere Westen, Milit\u00e4runiformen, Knie- und Ellbogensch\u00fctzer und andere coole Dinge beschafft werden, die das Leben unserer Soldaten retten und ihnen helfen werden, unseren Sieg und damit den Frieden in die Welt zu bringen.<\/p>\n<p>Jede kleine M\u00fcnze, die Sie teilen, wird zum Sieg \u00fcber die wilde Moskauer Horde beitragen. Jede dieser M\u00fcnzen wird die Wilden am weiteren Vordringen hindern. Sie wird das Leben der Ukrainer retten und Sie besch\u00fctzen.<\/p>\n<p>Bereits eingekaufte und f\u00fcr den Sieg und die Rettung von Leben \u00fcbergebene <a href=\"\/type_portfolio\/tehnichni-zasoby\">#technische<\/a><\/p>\n<p>&nbsp;<\/p>\n<p><\/p>","protected":false},"excerpt":{"rendered":"<p>Welche technischen Mittel beabsichtigen wir, f\u00fcr Ihr Geld zu erwerben? Es sollen Funkger\u00e4te, kugelsichere Westen, Milit\u00e4runiformen, Knie- und Ellbogensch\u00fctzer und andere coole Dinge beschafft werden, die das Leben unserer Soldaten retten und ihnen helfen werden, unseren Sieg und damit den Frieden in die Welt zu bringen. Jede kleine M\u00fcnze, die Sie teilen, wird zum Sieg [&hellip;]<\/p>\n","protected":false},"author":1,"featured_media":462,"parent":69,"menu_order":0,"comment_status":"closed","ping_status":"closed","template":"","meta":[],"acf":[],"yoast_head":"<!-- This site is optimized with the Yoast SEO plugin v18.5.1 - https:\/\/yoast.com\/wordpress\/plugins\/seo\/ -->\n<title>Technische Mittel - Use Bude Ukraine<\/title>\n<meta name=\"robots\" content=\"index, follow, max-snippet:-1, max-image-preview:large, max-video-preview:-1\" \/>\n<link rel=\"canonical\" href=\"https:\/\/ukrainecharity.org.ua\/directions\/tehnichni-zasoby\" \/>\n<meta property=\"og:locale\" content=\"de_DE\" \/>\n<meta property=\"og:type\" content=\"article\" \/>\n<meta property=\"og:title\" content=\"[:ua]\u0422\u0435\u0445\u043d\u0456\u0447\u043d\u0456 \u0437\u0430\u0441\u043e\u0431\u0438[:en]Technical means[:de]Technische Mittel[:] - Use Bude Ukraine\" \/>\n<meta property=\"og:description\" content=\"Welche technischen Mittel beabsichtigen wir, f\u00fcr Ihr Geld zu erwerben? Es sollen Funkger\u00e4te, kugelsichere Westen, Milit\u00e4runiformen, Knie- und Ellbogensch\u00fctzer und andere coole Dinge beschafft werden, die das Leben unserer Soldaten retten und ihnen helfen werden, unseren Sieg und damit den Frieden in die Welt zu bringen. Jede kleine M\u00fcnze, die Sie teilen, wird zum Sieg [&hellip;]\" \/>\n<meta property=\"og:url\" content=\"https:\/\/ukrainecharity.org.ua\/directions\/tehnichni-zasoby\" \/>\n<meta property=\"og:site_name\" content=\"Use Bude Ukraine\" \/>\n<meta property=\"article:modified_time\" content=\"2022-05-03T10:02:25+00:00\" \/>\n<meta property=\"og:image\" content=\"https:\/\/ukrainecharity.org.ua\/wp-content\/uploads\/2022\/04\/tehnichni-zasoby-2.jpg\" \/>\n\t<meta property=\"og:image:width\" content=\"1280\" \/>\n\t<meta property=\"og:image:height\" content=\"375\" \/>\n\t<meta property=\"og:image:type\" content=\"image\/jpeg\" \/>\n<meta name=\"twitter:card\" content=\"summary_large_image\" \/>\n<meta name=\"twitter:label1\" content=\"Gesch\u00e4tzte Lesezeit\" \/>\n\t<meta name=\"twitter:data1\" content=\"2\u00a0Minuten\" \/>\n<script type=\"application\/ld+json\" class=\"yoast-schema-graph\">{\"@context\":\"https:\/\/schema.org\",\"@graph\":[{\"@type\":\"WebSite\",\"@id\":\"https:\/\/ukrainecharity.org.ua\/#website\",\"url\":\"https:\/\/ukrainecharity.org.ua\/\",\"name\":\"Use Bude Ukraine\",\"description\":\"Gemeinn\u00fctzige Stiftung\",\"potentialAction\":[{\"@type\":\"SearchAction\",\"target\":{\"@type\":\"EntryPoint\",\"urlTemplate\":\"https:\/\/ukrainecharity.org.ua\/?s={search_term_string}\"},\"query-input\":\"required name=search_term_string\"}],\"inLanguage\":\"de\"},{\"@type\":\"ImageObject\",\"@id\":\"https:\/\/ukrainecharity.org.ua\/directions\/tehnichni-zasoby#primaryimage\",\"inLanguage\":\"de\",\"url\":\"https:\/\/ukrainecharity.org.ua\/wp-content\/uploads\/2022\/04\/tehnichni-zasoby-2.jpg\",\"contentUrl\":\"https:\/\/ukrainecharity.org.ua\/wp-content\/uploads\/2022\/04\/tehnichni-zasoby-2.jpg\",\"width\":1280,\"height\":375},{\"@type\":\"WebPage\",\"@id\":\"https:\/\/ukrainecharity.org.ua\/directions\/tehnichni-zasoby#webpage\",\"url\":\"https:\/\/ukrainecharity.org.ua\/directions\/tehnichni-zasoby\",\"name\":\"[:ua]\u0422\u0435\u0445\u043d\u0456\u0447\u043d\u0456 \u0437\u0430\u0441\u043e\u0431\u0438[:en]Technical means[:de]Technische Mittel[:] - Use Bude Ukraine\",\"isPartOf\":{\"@id\":\"https:\/\/ukrainecharity.org.ua\/#website\"},\"primaryImageOfPage\":{\"@id\":\"https:\/\/ukrainecharity.org.ua\/directions\/tehnichni-zasoby#primaryimage\"},\"datePublished\":\"2022-04-01T20:03:17+00:00\",\"dateModified\":\"2022-05-03T10:02:25+00:00\",\"breadcrumb\":{\"@id\":\"https:\/\/ukrainecharity.org.ua\/directions\/tehnichni-zasoby#breadcrumb\"},\"inLanguage\":\"de\",\"potentialAction\":[{\"@type\":\"ReadAction\",\"target\":[\"https:\/\/ukrainecharity.org.ua\/directions\/tehnichni-zasoby\"]}]},{\"@type\":\"BreadcrumbList\",\"@id\":\"https:\/\/ukrainecharity.org.ua\/directions\/tehnichni-zasoby#breadcrumb\",\"itemListElement\":[{\"@type\":\"ListItem\",\"position\":1,\"name\":\"\u0413\u043e\u043b\u043e\u0432\u043d\u0430 \u0421\u0442\u043e\u0440\u0456\u043d\u043a\u0430\",\"item\":\"https:\/\/ukrainecharity.org.ua\/\"},{\"@type\":\"ListItem\",\"position\":2,\"name\":\"\u041d\u0430\u043f\u0440\u044f\u043c\u043a\u0438\",\"item\":\"https:\/\/ukrainecharity.org.ua\/directions\"},{\"@type\":\"ListItem\",\"position\":3,\"name\":\"\u0422\u0435\u0445\u043d\u0456\u0447\u043d\u0456 \u0437\u0430\u0441\u043e\u0431\u0438\"}]}]}<\/script>\n<!-- \/ Yoast SEO plugin. -->","yoast_head_json":{"title":"[:ua]\u0422\u0435\u0445\u043d\u0456\u0447\u043d\u0456 \u0437\u0430\u0441\u043e\u0431\u0438[:en]Technical means[:de]Technische Mittel[:] - Use Bude Ukraine","robots":{"index":"index","follow":"follow","max-snippet":"max-snippet:-1","max-image-preview":"max-image-preview:large","max-video-preview":"max-video-preview:-1"},"canonical":"https:\/\/ukrainecharity.org.ua\/directions\/tehnichni-zasoby","og_locale":"de_DE","og_type":"article","og_title":"[:ua]\u0422\u0435\u0445\u043d\u0456\u0447\u043d\u0456 \u0437\u0430\u0441\u043e\u0431\u0438[:en]Technical means[:de]Technische Mittel[:] - Use Bude Ukraine","og_description":"Welche technischen Mittel beabsichtigen wir, f\u00fcr Ihr Geld zu erwerben? Es sollen Funkger\u00e4te, kugelsichere Westen, Milit\u00e4runiformen, Knie- und Ellbogensch\u00fctzer und andere coole Dinge beschafft werden, die das Leben unserer Soldaten retten und ihnen helfen werden, unseren Sieg und damit den Frieden in die Welt zu bringen. Jede kleine M\u00fcnze, die Sie teilen, wird zum Sieg [&hellip;]","og_url":"https:\/\/ukrainecharity.org.ua\/directions\/tehnichni-zasoby","og_site_name":"Use Bude Ukraine","article_modified_time":"2022-05-03T10:02:25+00:00","og_image":[{"width":1280,"height":375,"url":"https:\/\/ukrainecharity.org.ua\/wp-content\/uploads\/2022\/04\/tehnichni-zasoby-2.jpg","type":"image\/jpeg"}],"twitter_card":"summary_large_image","twitter_misc":{"Gesch\u00e4tzte Lesezeit":"2\u00a0Minuten"},"schema":{"@context":"https:\/\/schema.org","@graph":[{"@type":"WebSite","@id":"https:\/\/ukrainecharity.org.ua\/#website","url":"https:\/\/ukrainecharity.org.ua\/","name":"Use Bude Ukraine","description":"Gemeinn\u00fctzige Stiftung","potentialAction":[{"@type":"SearchAction","target":{"@type":"EntryPoint","urlTemplate":"https:\/\/ukrainecharity.org.ua\/?s={search_term_string}"},"query-input":"required name=search_term_string"}],"inLanguage":"de"},{"@type":"ImageObject","@id":"https:\/\/ukrainecharity.org.ua\/directions\/tehnichni-zasoby#primaryimage","inLanguage":"de","url":"https:\/\/ukrainecharity.org.ua\/wp-content\/uploads\/2022\/04\/tehnichni-zasoby-2.jpg","contentUrl":"https:\/\/ukrainecharity.org.ua\/wp-content\/uploads\/2022\/04\/tehnichni-zasoby-2.jpg","width":1280,"height":375},{"@type":"WebPage","@id":"https:\/\/ukrainecharity.org.ua\/directions\/tehnichni-zasoby#webpage","url":"https:\/\/ukrainecharity.org.ua\/directions\/tehnichni-zasoby","name":"[:ua]\u0422\u0435\u0445\u043d\u0456\u0447\u043d\u0456 \u0437\u0430\u0441\u043e\u0431\u0438[:en]Technical means[:de]Technische Mittel[:] - Use Bude Ukraine","isPartOf":{"@id":"https:\/\/ukrainecharity.org.ua\/#website"},"primaryImageOfPage":{"@id":"https:\/\/ukrainecharity.org.ua\/directions\/tehnichni-zasoby#primaryimage"},"datePublished":"2022-04-01T20:03:17+00:00","dateModified":"2022-05-03T10:02:25+00:00","breadcrumb":{"@id":"https:\/\/ukrainecharity.org.ua\/directions\/tehnichni-zasoby#breadcrumb"},"inLanguage":"de","potentialAction":[{"@type":"ReadAction","target":["https:\/\/ukrainecharity.org.ua\/directions\/tehnichni-zasoby"]}]},{"@type":"BreadcrumbList","@id":"https:\/\/ukrainecharity.org.ua\/directions\/tehnichni-zasoby#breadcrumb","itemListElement":[{"@type":"ListItem","position":1,"name":"\u0413\u043e\u043b\u043e\u0432\u043d\u0430 \u0421\u0442\u043e\u0440\u0456\u043d\u043a\u0430","item":"https:\/\/ukrainecharity.org.ua\/"},{"@type":"ListItem","position":2,"name":"\u041d\u0430\u043f\u0440\u044f\u043c\u043a\u0438","item":"https:\/\/ukrainecharity.org.ua\/directions"},{"@type":"ListItem","position":3,"name":"\u0422\u0435\u0445\u043d\u0456\u0447\u043d\u0456 \u0437\u0430\u0441\u043e\u0431\u0438"}]}]}},"_links":{"self":[{"href":"https:\/\/ukrainecharity.org.ua\/de\/wp-json\/wp\/v2\/pages\/336"}],"collection":[{"href":"https:\/\/ukrainecharity.org.ua\/de\/wp-json\/wp\/v2\/pages"}],"about":[{"href":"https:\/\/ukrainecharity.org.ua\/de\/wp-json\/wp\/v2\/types\/page"}],"author":[{"embeddable":true,"href":"https:\/\/ukrainecharity.org.ua\/de\/wp-json\/wp\/v2\/users\/1"}],"replies":[{"embeddable":true,"href":"https:\/\/ukrainecharity.org.ua\/de\/wp-json\/wp\/v2\/comments?post=336"}],"version-history":[{"count":9,"href":"https:\/\/ukrainecharity.org.ua\/de\/wp-json\/wp\/v2\/pages\/336\/revisions"}],"predecessor-version":[{"id":599,"href":"https:\/\/ukrainecharity.org.ua\/de\/wp-json\/wp\/v2\/pages\/336\/revisions\/599"}],"up":[{"embeddable":true,"href":"https:\/\/ukrainecharity.org.ua\/de\/wp-json\/wp\/v2\/pages\/69"}],"wp:featuredmedia":[{"embeddable":true,"href":"https:\/\/ukrainecharity.org.ua\/de\/wp-json\/wp\/v2\/media\/462"}],"wp:attachment":[{"href":"https:\/\/ukrainecharity.org.ua\/de\/wp-json\/wp\/v2\/media?parent=336"}],"curies":[{"name":"wp","href":"https:\/\/api.w.org\/{rel}","templated":true}]}}