{"id":333,"date":"2022-04-01T22:03:49","date_gmt":"2022-04-01T19:03:49","guid":{"rendered":"https:\/\/ukrainecharity.org.ua\/?page_id=333"},"modified":"2022-05-01T17:56:33","modified_gmt":"2022-05-01T14:56:33","slug":"avtomobilna-tehnika","status":"publish","type":"page","link":"https:\/\/ukrainecharity.org.ua\/de\/directions\/avtomobilna-tehnika","title":{"rendered":"Fahrzeugtechnik"},"content":{"rendered":"<p><\/p>\n<p>Also Fahrzeuge. Sie fragen vielleicht, warum wir gerade Fahrzeuge ben\u00f6tigen. Also wir brauchen Fahrzeuge, um sie den heldenhaften Soldaten der ukrainischen Streitkr\u00e4fte, mutigen Soldaten der Nationalgarde der Ukraine, eifrigen K\u00e4mpfern der Territorialverteidigung, bewundernswerten Jungs und M\u00e4dels vom Katastrophenschutzministerium und gro\u00dfartigen \u00c4rzten zu \u00fcbergeben.<\/p>\n<p>Wir haben zum Beispiel schon solche #Autos gekauft und \u00fcbergeben.<\/p>\n<p>Diese Fahrzeuge werden sowohl f\u00fcr echte Kampfeins\u00e4tze als auch f\u00fcr humanit\u00e4re Eins\u00e4tze eingesetzt &#8211; diese Autos werden humanit\u00e4re Hilfe transportieren und Menschen evakuieren. Ja, dank der Autos, bei deren Kauf Sie uns helfen, werden Menschenleben gerettet.<\/p>\n<p><\/p>","protected":false},"excerpt":{"rendered":"<p>Also Fahrzeuge. Sie fragen vielleicht, warum wir gerade Fahrzeuge ben\u00f6tigen. Also wir brauchen Fahrzeuge, um sie den heldenhaften Soldaten der ukrainischen Streitkr\u00e4fte, mutigen Soldaten der Nationalgarde der Ukraine, eifrigen K\u00e4mpfern der Territorialverteidigung, bewundernswerten Jungs und M\u00e4dels vom Katastrophenschutzministerium und gro\u00dfartigen \u00c4rzten zu \u00fcbergeben. Wir haben zum Beispiel schon solche #Autos gekauft und \u00fcbergeben. Diese Fahrzeuge [&hellip;]<\/p>\n","protected":false},"author":1,"featured_media":334,"parent":69,"menu_order":0,"comment_status":"closed","ping_status":"closed","template":"","meta":[],"acf":[],"yoast_head":"<!-- This site is optimized with the Yoast SEO plugin v18.5.1 - https:\/\/yoast.com\/wordpress\/plugins\/seo\/ -->\n<title>Fahrzeugtechnik  - Use Bude Ukraine<\/title>\n<meta name=\"robots\" content=\"index, follow, max-snippet:-1, max-image-preview:large, max-video-preview:-1\" \/>\n<link rel=\"canonical\" href=\"https:\/\/ukrainecharity.org.ua\/directions\/avtomobilna-tehnika\" \/>\n<meta property=\"og:locale\" content=\"de_DE\" \/>\n<meta property=\"og:type\" content=\"article\" \/>\n<meta property=\"og:title\" content=\"[:ua]\u0410\u0432\u0442\u043e\u043c\u043e\u0431\u0456\u043b\u044c\u043d\u0430 \u0442\u0435\u0445\u043d\u0456\u043a\u0430[:en]Automotive[:de]Fahrzeugtechnik [:] - Use Bude Ukraine\" \/>\n<meta property=\"og:description\" content=\"Also Fahrzeuge. Sie fragen vielleicht, warum wir gerade Fahrzeuge ben\u00f6tigen. Also wir brauchen Fahrzeuge, um sie den heldenhaften Soldaten der ukrainischen Streitkr\u00e4fte, mutigen Soldaten der Nationalgarde der Ukraine, eifrigen K\u00e4mpfern der Territorialverteidigung, bewundernswerten Jungs und M\u00e4dels vom Katastrophenschutzministerium und gro\u00dfartigen \u00c4rzten zu \u00fcbergeben. Wir haben zum Beispiel schon solche #Autos gekauft und \u00fcbergeben. Diese Fahrzeuge [&hellip;]\" \/>\n<meta property=\"og:url\" content=\"https:\/\/ukrainecharity.org.ua\/directions\/avtomobilna-tehnika\" \/>\n<meta property=\"og:site_name\" content=\"Use Bude Ukraine\" \/>\n<meta property=\"article:modified_time\" content=\"2022-05-01T14:56:33+00:00\" \/>\n<meta property=\"og:image\" content=\"https:\/\/ukrainecharity.org.ua\/wp-content\/uploads\/2022\/04\/auto-army.jpg\" \/>\n\t<meta property=\"og:image:width\" content=\"1280\" \/>\n\t<meta property=\"og:image:height\" content=\"375\" \/>\n\t<meta property=\"og:image:type\" content=\"image\/jpeg\" \/>\n<meta name=\"twitter:card\" content=\"summary_large_image\" \/>\n<meta name=\"twitter:label1\" content=\"Gesch\u00e4tzte Lesezeit\" \/>\n\t<meta name=\"twitter:data1\" content=\"2\u00a0Minuten\" \/>\n<script type=\"application\/ld+json\" class=\"yoast-schema-graph\">{\"@context\":\"https:\/\/schema.org\",\"@graph\":[{\"@type\":\"WebSite\",\"@id\":\"https:\/\/ukrainecharity.org.ua\/#website\",\"url\":\"https:\/\/ukrainecharity.org.ua\/\",\"name\":\"Use Bude Ukraine\",\"description\":\"Gemeinn\u00fctzige Stiftung\",\"potentialAction\":[{\"@type\":\"SearchAction\",\"target\":{\"@type\":\"EntryPoint\",\"urlTemplate\":\"https:\/\/ukrainecharity.org.ua\/?s={search_term_string}\"},\"query-input\":\"required name=search_term_string\"}],\"inLanguage\":\"de\"},{\"@type\":\"ImageObject\",\"@id\":\"https:\/\/ukrainecharity.org.ua\/directions\/avtomobilna-tehnika#primaryimage\",\"inLanguage\":\"de\",\"url\":\"https:\/\/ukrainecharity.org.ua\/wp-content\/uploads\/2022\/04\/auto-army.jpg\",\"contentUrl\":\"https:\/\/ukrainecharity.org.ua\/wp-content\/uploads\/2022\/04\/auto-army.jpg\",\"width\":1280,\"height\":375},{\"@type\":\"WebPage\",\"@id\":\"https:\/\/ukrainecharity.org.ua\/directions\/avtomobilna-tehnika#webpage\",\"url\":\"https:\/\/ukrainecharity.org.ua\/directions\/avtomobilna-tehnika\",\"name\":\"[:ua]\u0410\u0432\u0442\u043e\u043c\u043e\u0431\u0456\u043b\u044c\u043d\u0430 \u0442\u0435\u0445\u043d\u0456\u043a\u0430[:en]Automotive[:de]Fahrzeugtechnik [:] - Use Bude Ukraine\",\"isPartOf\":{\"@id\":\"https:\/\/ukrainecharity.org.ua\/#website\"},\"primaryImageOfPage\":{\"@id\":\"https:\/\/ukrainecharity.org.ua\/directions\/avtomobilna-tehnika#primaryimage\"},\"datePublished\":\"2022-04-01T19:03:49+00:00\",\"dateModified\":\"2022-05-01T14:56:33+00:00\",\"breadcrumb\":{\"@id\":\"https:\/\/ukrainecharity.org.ua\/directions\/avtomobilna-tehnika#breadcrumb\"},\"inLanguage\":\"de\",\"potentialAction\":[{\"@type\":\"ReadAction\",\"target\":[\"https:\/\/ukrainecharity.org.ua\/directions\/avtomobilna-tehnika\"]}]},{\"@type\":\"BreadcrumbList\",\"@id\":\"https:\/\/ukrainecharity.org.ua\/directions\/avtomobilna-tehnika#breadcrumb\",\"itemListElement\":[{\"@type\":\"ListItem\",\"position\":1,\"name\":\"\u0413\u043e\u043b\u043e\u0432\u043d\u0430 \u0421\u0442\u043e\u0440\u0456\u043d\u043a\u0430\",\"item\":\"https:\/\/ukrainecharity.org.ua\/\"},{\"@type\":\"ListItem\",\"position\":2,\"name\":\"\u041d\u0430\u043f\u0440\u044f\u043c\u043a\u0438\",\"item\":\"https:\/\/ukrainecharity.org.ua\/directions\"},{\"@type\":\"ListItem\",\"position\":3,\"name\":\"\u0410\u0432\u0442\u043e\u043c\u043e\u0431\u0456\u043b\u044c\u043d\u0430 \u0442\u0435\u0445\u043d\u0456\u043a\u0430\"}]}]}<\/script>\n<!-- \/ Yoast SEO plugin. -->","yoast_head_json":{"title":"[:ua]\u0410\u0432\u0442\u043e\u043c\u043e\u0431\u0456\u043b\u044c\u043d\u0430 \u0442\u0435\u0445\u043d\u0456\u043a\u0430[:en]Automotive[:de]Fahrzeugtechnik [:] - Use Bude Ukraine","robots":{"index":"index","follow":"follow","max-snippet":"max-snippet:-1","max-image-preview":"max-image-preview:large","max-video-preview":"max-video-preview:-1"},"canonical":"https:\/\/ukrainecharity.org.ua\/directions\/avtomobilna-tehnika","og_locale":"de_DE","og_type":"article","og_title":"[:ua]\u0410\u0432\u0442\u043e\u043c\u043e\u0431\u0456\u043b\u044c\u043d\u0430 \u0442\u0435\u0445\u043d\u0456\u043a\u0430[:en]Automotive[:de]Fahrzeugtechnik [:] - Use Bude Ukraine","og_description":"Also Fahrzeuge. Sie fragen vielleicht, warum wir gerade Fahrzeuge ben\u00f6tigen. Also wir brauchen Fahrzeuge, um sie den heldenhaften Soldaten der ukrainischen Streitkr\u00e4fte, mutigen Soldaten der Nationalgarde der Ukraine, eifrigen K\u00e4mpfern der Territorialverteidigung, bewundernswerten Jungs und M\u00e4dels vom Katastrophenschutzministerium und gro\u00dfartigen \u00c4rzten zu \u00fcbergeben. Wir haben zum Beispiel schon solche #Autos gekauft und \u00fcbergeben. Diese Fahrzeuge [&hellip;]","og_url":"https:\/\/ukrainecharity.org.ua\/directions\/avtomobilna-tehnika","og_site_name":"Use Bude Ukraine","article_modified_time":"2022-05-01T14:56:33+00:00","og_image":[{"width":1280,"height":375,"url":"https:\/\/ukrainecharity.org.ua\/wp-content\/uploads\/2022\/04\/auto-army.jpg","type":"image\/jpeg"}],"twitter_card":"summary_large_image","twitter_misc":{"Gesch\u00e4tzte Lesezeit":"2\u00a0Minuten"},"schema":{"@context":"https:\/\/schema.org","@graph":[{"@type":"WebSite","@id":"https:\/\/ukrainecharity.org.ua\/#website","url":"https:\/\/ukrainecharity.org.ua\/","name":"Use Bude Ukraine","description":"Gemeinn\u00fctzige Stiftung","potentialAction":[{"@type":"SearchAction","target":{"@type":"EntryPoint","urlTemplate":"https:\/\/ukrainecharity.org.ua\/?s={search_term_string}"},"query-input":"required name=search_term_string"}],"inLanguage":"de"},{"@type":"ImageObject","@id":"https:\/\/ukrainecharity.org.ua\/directions\/avtomobilna-tehnika#primaryimage","inLanguage":"de","url":"https:\/\/ukrainecharity.org.ua\/wp-content\/uploads\/2022\/04\/auto-army.jpg","contentUrl":"https:\/\/ukrainecharity.org.ua\/wp-content\/uploads\/2022\/04\/auto-army.jpg","width":1280,"height":375},{"@type":"WebPage","@id":"https:\/\/ukrainecharity.org.ua\/directions\/avtomobilna-tehnika#webpage","url":"https:\/\/ukrainecharity.org.ua\/directions\/avtomobilna-tehnika","name":"[:ua]\u0410\u0432\u0442\u043e\u043c\u043e\u0431\u0456\u043b\u044c\u043d\u0430 \u0442\u0435\u0445\u043d\u0456\u043a\u0430[:en]Automotive[:de]Fahrzeugtechnik [:] - Use Bude Ukraine","isPartOf":{"@id":"https:\/\/ukrainecharity.org.ua\/#website"},"primaryImageOfPage":{"@id":"https:\/\/ukrainecharity.org.ua\/directions\/avtomobilna-tehnika#primaryimage"},"datePublished":"2022-04-01T19:03:49+00:00","dateModified":"2022-05-01T14:56:33+00:00","breadcrumb":{"@id":"https:\/\/ukrainecharity.org.ua\/directions\/avtomobilna-tehnika#breadcrumb"},"inLanguage":"de","potentialAction":[{"@type":"ReadAction","target":["https:\/\/ukrainecharity.org.ua\/directions\/avtomobilna-tehnika"]}]},{"@type":"BreadcrumbList","@id":"https:\/\/ukrainecharity.org.ua\/directions\/avtomobilna-tehnika#breadcrumb","itemListElement":[{"@type":"ListItem","position":1,"name":"\u0413\u043e\u043b\u043e\u0432\u043d\u0430 \u0421\u0442\u043e\u0440\u0456\u043d\u043a\u0430","item":"https:\/\/ukrainecharity.org.ua\/"},{"@type":"ListItem","position":2,"name":"\u041d\u0430\u043f\u0440\u044f\u043c\u043a\u0438","item":"https:\/\/ukrainecharity.org.ua\/directions"},{"@type":"ListItem","position":3,"name":"\u0410\u0432\u0442\u043e\u043c\u043e\u0431\u0456\u043b\u044c\u043d\u0430 \u0442\u0435\u0445\u043d\u0456\u043a\u0430"}]}]}},"_links":{"self":[{"href":"https:\/\/ukrainecharity.org.ua\/de\/wp-json\/wp\/v2\/pages\/333"}],"collection":[{"href":"https:\/\/ukrainecharity.org.ua\/de\/wp-json\/wp\/v2\/pages"}],"about":[{"href":"https:\/\/ukrainecharity.org.ua\/de\/wp-json\/wp\/v2\/types\/page"}],"author":[{"embeddable":true,"href":"https:\/\/ukrainecharity.org.ua\/de\/wp-json\/wp\/v2\/users\/1"}],"replies":[{"embeddable":true,"href":"https:\/\/ukrainecharity.org.ua\/de\/wp-json\/wp\/v2\/comments?post=333"}],"version-history":[{"count":8,"href":"https:\/\/ukrainecharity.org.ua\/de\/wp-json\/wp\/v2\/pages\/333\/revisions"}],"predecessor-version":[{"id":588,"href":"https:\/\/ukrainecharity.org.ua\/de\/wp-json\/wp\/v2\/pages\/333\/revisions\/588"}],"up":[{"embeddable":true,"href":"https:\/\/ukrainecharity.org.ua\/de\/wp-json\/wp\/v2\/pages\/69"}],"wp:featuredmedia":[{"embeddable":true,"href":"https:\/\/ukrainecharity.org.ua\/de\/wp-json\/wp\/v2\/media\/334"}],"wp:attachment":[{"href":"https:\/\/ukrainecharity.org.ua\/de\/wp-json\/wp\/v2\/media?parent=333"}],"curies":[{"name":"wp","href":"https:\/\/api.w.org\/{rel}","templated":true}]}}